{"id":20,"date":"2022-03-29T14:30:38","date_gmt":"2022-03-29T14:30:38","guid":{"rendered":"https:\/\/drlorinczrita.hu\/?page_id=20"},"modified":"2022-03-30T10:24:40","modified_gmt":"2022-03-30T10:24:40","slug":"coming-soon","status":"publish","type":"page","link":"https:\/\/drlorinczrita.hu\/de\/coming-soon\/","title":{"rendered":"Coming soon"},"content":{"rendered":"<div id=\"sp-page\" class=\"spBgcover sp-content-4\" style=\"background-color: rgb(255, 255, 255); font-family: 'Helvetica Neue', Arial, sans-serif; font-weight: 400;\">\n<section id=\"sp-ks8a8s\" data-mobile-visibility=\"#sp-ks8a8s|false\" data-desktop-visibility=\"#sp-ks8a8s|false\" class=\"sp-el-section\" style=\"width: 600px; max-width: 100%; padding: 10px;\">\n<div id=\"sp-vw3kvy\" data-mobile-visibility=\"#sp-vw3kvy|false\" data-desktop-visibility=\"#sp-vw3kvy|false\" class=\"sp-el-row sm:sp-flex sp-w-full  sp-m-auto sp-justify-between\" style=\"padding: 0px; width: auto; max-width: 1000px;\">\n<div id=\"sp-ggzp6w\" data-mobile-visibility=\"#sp-ggzp6w|false\" data-desktop-visibility=\"#sp-ggzp6w|false\" class=\"sp-el-col  sp-w-full\" style=\"width: calc(100% - 0px);\">\n<figure id=\"sp-brhhwi\" class=\"sp-image-wrapper sp-el-block\" style=\"margin: 0px; text-align: center;\"><span><img decoding=\"async\" src=\"https:\/\/drlorinczrita.hu\/wp-content\/uploads\/2022\/03\/LorinczRitalogo-800-\u00d7-500-keppont.png\" alt=\"\" data-mobile-visibility=\".sp-image-block-brhhwi|false\" data-desktop-visibility=\".sp-image-block-brhhwi|false\" srcset=\" https:\/\/drlorinczrita.hu\/wp-content\/uploads\/2022\/03\/LorinczRitalogo-800-\u00d7-500-keppont-150x150.png 150w, https:\/\/drlorinczrita.hu\/wp-content\/uploads\/2022\/03\/LorinczRitalogo-800-\u00d7-500-keppont-700x438.png 700w, https:\/\/drlorinczrita.hu\/wp-content\/uploads\/2022\/03\/LorinczRitalogo-800-\u00d7-500-keppont.png 800w\" class=\"sp-image-block-brhhwi\" style=\"width: 800px;\"><\/span><\/figure>\n<div class=\"sp-button-wrapper sp-el-block\" style=\"margin: 0px; text-align: center;\"><a href=\"https:\/\/www.facebook.com\/Dens-et-Sanitas-106647394528361\" id=\"sp-w3w2cw\" data-mobile-css=\"\" data-mobile-visibility=\".sp-button-w3w2cw|false\" data-desktop-visibility=\".sp-button-w3w2cw|false\" target=\"\" rel=\"noopener\" class=\"sp-button sp-css-target sp-text-center sp-inline-block sp-leading-none sp-button-w3w2cw\" style=\"font-size: 22px; background: linear-gradient(-180deg, rgb(30, 136, 229), rgb(23, 117, 200) 90%); color: rgb(255, 255, 255); width: auto; padding: 16px 20px; border-radius: 4px; box-shadow: rgba(255, 255, 255, 0.2) 0px 1px 0px inset;\"><span>Facebook<\/span><\/a><\/div>\n<h1 id=\"sp-jkhbii\" data-mobile-css=\"\" data-mobile-visibility=\".sp-headline-block-jkhbii|false\" data-desktop-visibility=\".sp-headline-block-jkhbii|false\" class=\"sp-css-target sp-el-block sp-headline-block-jkhbii sp-type-header\" style=\"font-size: 48px; font-weight: bold; color: rgb(0, 0, 255); text-align: center; margin: 0px;\">Hamarosan indul \u00faj weboldalam!<\/h1>\n<div id=\"sp-jdj1i9\" data-mobile-css=\"\" data-mobile-visibility=\".sp-text-wrapper-jdj1i9|false\" data-desktop-visibility=\".sp-text-wrapper-jdj1i9|false\" class=\"sp-css-target sp-text-wrapper sp-el-block sp-text-wrapper-jdj1i9\" style=\"font-size: 24px; color: rgb(50, 27, 38); margin: 0px; text-align: center;\">\n<p>Friss \u00e9s modern, sok inform\u00e1ci\u00f3val!<\/p>\n<p>&nbsp;<\/p>\n<\/div>\n<\/div>\n<\/div>\n<\/section>\n<\/div>","protected":false},"excerpt":{"rendered":"<p>Facebook Hamarosan indul \u00faj weboldalam! Friss \u00e9s modern, sok inform\u00e1ci\u00f3val! &nbsp;<\/p>","protected":false},"author":1,"featured_media":0,"parent":0,"menu_order":0,"comment_status":"closed","ping_status":"closed","template":"","meta":{"_et_pb_use_builder":"","_et_pb_old_content":"","_et_gb_content_width":"","footnotes":""},"class_list":["post-20","page","type-page","status-publish","hentry"],"yoast_head":"<!-- This site is optimized with the Yoast SEO plugin v24.1 - https:\/\/yoast.com\/wordpress\/plugins\/seo\/ -->\n<title>Coming soon | Dr. L\u0151rincz Rita fogszakorvos<\/title>\n<meta name=\"robots\" content=\"index, follow, max-snippet:-1, max-image-preview:large, max-video-preview:-1\" \/>\n<link rel=\"canonical\" href=\"https:\/\/drlorinczrita.hu\/de\/coming-soon\/\" \/>\n<meta property=\"og:locale\" content=\"de_DE\" \/>\n<meta property=\"og:type\" content=\"article\" \/>\n<meta property=\"og:title\" content=\"Coming soon | Dr. L\u0151rincz Rita fogszakorvos\" \/>\n<meta property=\"og:description\" content=\"Facebook Hamarosan indul \u00faj weboldalam! Friss \u00e9s modern, sok inform\u00e1ci\u00f3val! &nbsp;\" \/>\n<meta property=\"og:url\" content=\"https:\/\/drlorinczrita.hu\/de\/coming-soon\/\" \/>\n<meta property=\"og:site_name\" content=\"Dr. L\u0151rincz Rita fogszakorvos\" \/>\n<meta property=\"article:modified_time\" content=\"2022-03-30T10:24:40+00:00\" \/>\n<meta property=\"og:image\" content=\"https:\/\/drlorinczrita.hu\/wp-content\/uploads\/2022\/03\/LorinczRitalogo-3.png\" \/>\n<meta name=\"twitter:card\" content=\"summary_large_image\" \/>\n<script type=\"application\/ld+json\" class=\"yoast-schema-graph\">{\"@context\":\"https:\/\/schema.org\",\"@graph\":[{\"@type\":\"WebPage\",\"@id\":\"https:\/\/drlorinczrita.hu\/coming-soon\/\",\"url\":\"https:\/\/drlorinczrita.hu\/coming-soon\/\",\"name\":\"Coming soon | Dr. L\u0151rincz Rita fogszakorvos\",\"isPartOf\":{\"@id\":\"https:\/\/drlorinczrita.hu\/#website\"},\"datePublished\":\"2022-03-29T14:30:38+00:00\",\"dateModified\":\"2022-03-30T10:24:40+00:00\",\"breadcrumb\":{\"@id\":\"https:\/\/drlorinczrita.hu\/coming-soon\/#breadcrumb\"},\"inLanguage\":\"de\",\"potentialAction\":[{\"@type\":\"ReadAction\",\"target\":[\"https:\/\/drlorinczrita.hu\/coming-soon\/\"]}]},{\"@type\":\"BreadcrumbList\",\"@id\":\"https:\/\/drlorinczrita.hu\/coming-soon\/#breadcrumb\",\"itemListElement\":[{\"@type\":\"ListItem\",\"position\":1,\"name\":\"Kezd\u0151lap\",\"item\":\"https:\/\/drlorinczrita.hu\/\"},{\"@type\":\"ListItem\",\"position\":2,\"name\":\"Coming soon\"}]},{\"@type\":\"WebSite\",\"@id\":\"https:\/\/drlorinczrita.hu\/#website\",\"url\":\"https:\/\/drlorinczrita.hu\/\",\"name\":\"Dr. L\u0151rincz Rita fogszakorvos\",\"description\":\"Fog\u00e1szati mag\u00e1nrendel\u00e9s\",\"publisher\":{\"@id\":\"https:\/\/drlorinczrita.hu\/#\/schema\/person\/8d81dc1a8334c312912ce794d6636de6\"},\"potentialAction\":[{\"@type\":\"SearchAction\",\"target\":{\"@type\":\"EntryPoint\",\"urlTemplate\":\"https:\/\/drlorinczrita.hu\/?s={search_term_string}\"},\"query-input\":{\"@type\":\"PropertyValueSpecification\",\"valueRequired\":true,\"valueName\":\"search_term_string\"}}],\"inLanguage\":\"de\"},{\"@type\":[\"Person\",\"Organization\"],\"@id\":\"https:\/\/drlorinczrita.hu\/#\/schema\/person\/8d81dc1a8334c312912ce794d6636de6\",\"name\":\"Vanitapelsoart\",\"image\":{\"@type\":\"ImageObject\",\"inLanguage\":\"de\",\"@id\":\"https:\/\/drlorinczrita.hu\/#\/schema\/person\/image\/\",\"url\":\"https:\/\/drlorinczrita.hu\/wp-content\/uploads\/2022\/03\/LorinczRitalogo-1.png\",\"contentUrl\":\"https:\/\/drlorinczrita.hu\/wp-content\/uploads\/2022\/03\/LorinczRitalogo-1.png\",\"width\":1000,\"height\":1000,\"caption\":\"Vanitapelsoart\"},\"logo\":{\"@id\":\"https:\/\/drlorinczrita.hu\/#\/schema\/person\/image\/\"},\"sameAs\":[\"https:\/\/drlorinczrita.hu\"]}]}<\/script>\n<!-- \/ Yoast SEO plugin. -->","yoast_head_json":{"title":"Coming soon | Dr. L\u0151rincz Rita fogszakorvos","robots":{"index":"index","follow":"follow","max-snippet":"max-snippet:-1","max-image-preview":"max-image-preview:large","max-video-preview":"max-video-preview:-1"},"canonical":"https:\/\/drlorinczrita.hu\/de\/coming-soon\/","og_locale":"de_DE","og_type":"article","og_title":"Coming soon | Dr. L\u0151rincz Rita fogszakorvos","og_description":"Facebook Hamarosan indul \u00faj weboldalam! Friss \u00e9s modern, sok inform\u00e1ci\u00f3val! &nbsp;","og_url":"https:\/\/drlorinczrita.hu\/de\/coming-soon\/","og_site_name":"Dr. L\u0151rincz Rita fogszakorvos","article_modified_time":"2022-03-30T10:24:40+00:00","og_image":[{"url":"https:\/\/drlorinczrita.hu\/wp-content\/uploads\/2022\/03\/LorinczRitalogo-3.png","type":"","width":"","height":""}],"twitter_card":"summary_large_image","schema":{"@context":"https:\/\/schema.org","@graph":[{"@type":"WebPage","@id":"https:\/\/drlorinczrita.hu\/coming-soon\/","url":"https:\/\/drlorinczrita.hu\/coming-soon\/","name":"Coming soon | Dr. L\u0151rincz Rita fogszakorvos","isPartOf":{"@id":"https:\/\/drlorinczrita.hu\/#website"},"datePublished":"2022-03-29T14:30:38+00:00","dateModified":"2022-03-30T10:24:40+00:00","breadcrumb":{"@id":"https:\/\/drlorinczrita.hu\/coming-soon\/#breadcrumb"},"inLanguage":"de","potentialAction":[{"@type":"ReadAction","target":["https:\/\/drlorinczrita.hu\/coming-soon\/"]}]},{"@type":"BreadcrumbList","@id":"https:\/\/drlorinczrita.hu\/coming-soon\/#breadcrumb","itemListElement":[{"@type":"ListItem","position":1,"name":"Kezd\u0151lap","item":"https:\/\/drlorinczrita.hu\/"},{"@type":"ListItem","position":2,"name":"Coming soon"}]},{"@type":"WebSite","@id":"https:\/\/drlorinczrita.hu\/#website","url":"https:\/\/drlorinczrita.hu\/","name":"Dr. L\u0151rincz Rita fogszakorvos","description":"Fog\u00e1szati mag\u00e1nrendel\u00e9s","publisher":{"@id":"https:\/\/drlorinczrita.hu\/#\/schema\/person\/8d81dc1a8334c312912ce794d6636de6"},"potentialAction":[{"@type":"SearchAction","target":{"@type":"EntryPoint","urlTemplate":"https:\/\/drlorinczrita.hu\/?s={search_term_string}"},"query-input":{"@type":"PropertyValueSpecification","valueRequired":true,"valueName":"search_term_string"}}],"inLanguage":"de"},{"@type":["Person","Organization"],"@id":"https:\/\/drlorinczrita.hu\/#\/schema\/person\/8d81dc1a8334c312912ce794d6636de6","name":"Vanitapelsoart","image":{"@type":"ImageObject","inLanguage":"de","@id":"https:\/\/drlorinczrita.hu\/#\/schema\/person\/image\/","url":"https:\/\/drlorinczrita.hu\/wp-content\/uploads\/2022\/03\/LorinczRitalogo-1.png","contentUrl":"https:\/\/drlorinczrita.hu\/wp-content\/uploads\/2022\/03\/LorinczRitalogo-1.png","width":1000,"height":1000,"caption":"Vanitapelsoart"},"logo":{"@id":"https:\/\/drlorinczrita.hu\/#\/schema\/person\/image\/"},"sameAs":["https:\/\/drlorinczrita.hu"]}]}},"_links":{"self":[{"href":"https:\/\/drlorinczrita.hu\/de\/wp-json\/wp\/v2\/pages\/20","targetHints":{"allow":["GET"]}}],"collection":[{"href":"https:\/\/drlorinczrita.hu\/de\/wp-json\/wp\/v2\/pages"}],"about":[{"href":"https:\/\/drlorinczrita.hu\/de\/wp-json\/wp\/v2\/types\/page"}],"author":[{"embeddable":true,"href":"https:\/\/drlorinczrita.hu\/de\/wp-json\/wp\/v2\/users\/1"}],"replies":[{"embeddable":true,"href":"https:\/\/drlorinczrita.hu\/de\/wp-json\/wp\/v2\/comments?post=20"}],"version-history":[{"count":8,"href":"https:\/\/drlorinczrita.hu\/de\/wp-json\/wp\/v2\/pages\/20\/revisions"}],"predecessor-version":[{"id":30,"href":"https:\/\/drlorinczrita.hu\/de\/wp-json\/wp\/v2\/pages\/20\/revisions\/30"}],"wp:attachment":[{"href":"https:\/\/drlorinczrita.hu\/de\/wp-json\/wp\/v2\/media?parent=20"}],"curies":[{"name":"wp","href":"https:\/\/api.w.org\/{rel}","templated":true}]}}