{"id":98,"date":"2022-04-13T12:19:43","date_gmt":"2022-04-13T12:19:43","guid":{"rendered":"https:\/\/drlorinczrita.hu\/?page_id=98"},"modified":"2022-04-13T12:21:43","modified_gmt":"2022-04-13T12:21:43","slug":"impresszum","status":"publish","type":"page","link":"https:\/\/drlorinczrita.hu\/en\/imprint\/","title":{"rendered":"Imprint"},"content":{"rendered":"<p><strong>Owner:<\/strong>  <strong>Dens et Sanitas Limited Liability Company<\/strong><\/p>\n\n\n\n<p><strong>Title:<\/strong>\u00a08360 Keszthely, Queen Elizabeth Road 14.<\/p>\n\n\n\n<p><strong>Phone:<\/strong>\u00a006 30 957 6370<br><strong>E-mail:<\/strong>\u00a0lorinczritadr@gmail.com<br><strong>Internet:<\/strong>\u00a0drlorinczrita.hu<\/p>\n\n\n\n<p><strong>Tax number<\/strong>: 27441118-1-20<\/p>\n\n\n\n<p><br><strong>Hosting provider:&nbsp;<\/strong>Sybell Informatika Kft. <strong><\/strong><\/p>\n\n\n\n<p>(1158 Budapest, K\u00e9sm\u00e1rk u. 7 \/ B 2nd floor 206. - info@sybell.hu)<\/p>\n\n\n\n<p><strong>Webdesign:<\/strong> Vertarics Anita<\/p>\n\n\n\n<p><a href=\"https:\/\/weboldaltneked.hu\/\" target=\"_blank\" rel=\"noreferrer noopener\">weboldaltneked.hu<\/a><\/p>","protected":false},"excerpt":{"rendered":"<p>Tulajdonos: Dens et Sanitas Eg\u00e9szs\u00e9g\u00fcgyi Korl\u00e1tolt Felel\u0151ss\u00e9g\u0171 T\u00e1rsas\u00e1g C\u00edm:\u00a08360 Keszthely, Erzs\u00e9bet kir\u00e1lyn\u00e9 \u00fatja 14. Telefon:\u00a006 30 957 6370E-mail:\u00a0lorinczritadr@gmail.comInternet:\u00a0drlorinczrita.hu Ad\u00f3sz\u00e1m: 27441118-1-20 T\u00e1rhelyszolg\u00e1ltat\u00f3:&nbsp;Sybell Informatika Kft. (1158 Budapest, K\u00e9sm\u00e1rk u. 7\/B 2. em. 206. \u2013 info@sybell.hu) Webdesign: Vertarics Anita weboldaltneked.hu<\/p>","protected":false},"author":1,"featured_media":0,"parent":0,"menu_order":0,"comment_status":"closed","ping_status":"closed","template":"","meta":{"_et_pb_use_builder":"off","_et_pb_old_content":"","_et_gb_content_width":"","footnotes":""},"class_list":["post-98","page","type-page","status-publish","hentry"],"yoast_head":"<!-- This site is optimized with the Yoast SEO plugin v24.1 - https:\/\/yoast.com\/wordpress\/plugins\/seo\/ -->\n<title>Impresszum | Dr. L\u0151rincz Rita fogszakorvos<\/title>\n<meta name=\"robots\" content=\"index, follow, max-snippet:-1, max-image-preview:large, max-video-preview:-1\" \/>\n<link rel=\"canonical\" href=\"https:\/\/drlorinczrita.hu\/en\/imprint\/\" \/>\n<meta property=\"og:locale\" content=\"en_GB\" \/>\n<meta property=\"og:type\" content=\"article\" \/>\n<meta property=\"og:title\" content=\"Impresszum | Dr. L\u0151rincz Rita fogszakorvos\" \/>\n<meta property=\"og:description\" content=\"Tulajdonos: Dens et Sanitas Eg\u00e9szs\u00e9g\u00fcgyi Korl\u00e1tolt Felel\u0151ss\u00e9g\u0171 T\u00e1rsas\u00e1g C\u00edm:\u00a08360 Keszthely, Erzs\u00e9bet kir\u00e1lyn\u00e9 \u00fatja 14. Telefon:\u00a006 30 957 6370E-mail:\u00a0lorinczritadr@gmail.comInternet:\u00a0drlorinczrita.hu Ad\u00f3sz\u00e1m: 27441118-1-20 T\u00e1rhelyszolg\u00e1ltat\u00f3:&nbsp;Sybell Informatika Kft. (1158 Budapest, K\u00e9sm\u00e1rk u. 7\/B 2. em. 206. \u2013 info@sybell.hu) Webdesign: Vertarics Anita weboldaltneked.hu\" \/>\n<meta property=\"og:url\" content=\"https:\/\/drlorinczrita.hu\/en\/imprint\/\" \/>\n<meta property=\"og:site_name\" content=\"Dr. L\u0151rincz Rita fogszakorvos\" \/>\n<meta property=\"article:modified_time\" content=\"2022-04-13T12:21:43+00:00\" \/>\n<meta property=\"og:image\" content=\"https:\/\/drlorinczrita.hu\/wp-content\/uploads\/2022\/03\/LorinczRitalogo-1.png\" \/>\n\t<meta property=\"og:image:width\" content=\"1000\" \/>\n\t<meta property=\"og:image:height\" content=\"1000\" \/>\n\t<meta property=\"og:image:type\" content=\"image\/png\" \/>\n<meta name=\"twitter:card\" content=\"summary_large_image\" \/>\n<meta name=\"twitter:label1\" content=\"Estimated reading time\" \/>\n\t<meta name=\"twitter:data1\" content=\"1 minute\" \/>\n<script type=\"application\/ld+json\" class=\"yoast-schema-graph\">{\"@context\":\"https:\/\/schema.org\",\"@graph\":[{\"@type\":\"WebPage\",\"@id\":\"https:\/\/drlorinczrita.hu\/impresszum\/\",\"url\":\"https:\/\/drlorinczrita.hu\/impresszum\/\",\"name\":\"Impresszum | Dr. L\u0151rincz Rita fogszakorvos\",\"isPartOf\":{\"@id\":\"https:\/\/drlorinczrita.hu\/#website\"},\"datePublished\":\"2022-04-13T12:19:43+00:00\",\"dateModified\":\"2022-04-13T12:21:43+00:00\",\"breadcrumb\":{\"@id\":\"https:\/\/drlorinczrita.hu\/impresszum\/#breadcrumb\"},\"inLanguage\":\"en-GB\",\"potentialAction\":[{\"@type\":\"ReadAction\",\"target\":[\"https:\/\/drlorinczrita.hu\/impresszum\/\"]}]},{\"@type\":\"BreadcrumbList\",\"@id\":\"https:\/\/drlorinczrita.hu\/impresszum\/#breadcrumb\",\"itemListElement\":[{\"@type\":\"ListItem\",\"position\":1,\"name\":\"Kezd\u0151lap\",\"item\":\"https:\/\/drlorinczrita.hu\/\"},{\"@type\":\"ListItem\",\"position\":2,\"name\":\"Impresszum\"}]},{\"@type\":\"WebSite\",\"@id\":\"https:\/\/drlorinczrita.hu\/#website\",\"url\":\"https:\/\/drlorinczrita.hu\/\",\"name\":\"Dr. L\u0151rincz Rita fogszakorvos\",\"description\":\"Fog\u00e1szati mag\u00e1nrendel\u00e9s\",\"publisher\":{\"@id\":\"https:\/\/drlorinczrita.hu\/#\/schema\/person\/8d81dc1a8334c312912ce794d6636de6\"},\"potentialAction\":[{\"@type\":\"SearchAction\",\"target\":{\"@type\":\"EntryPoint\",\"urlTemplate\":\"https:\/\/drlorinczrita.hu\/?s={search_term_string}\"},\"query-input\":{\"@type\":\"PropertyValueSpecification\",\"valueRequired\":true,\"valueName\":\"search_term_string\"}}],\"inLanguage\":\"en-GB\"},{\"@type\":[\"Person\",\"Organization\"],\"@id\":\"https:\/\/drlorinczrita.hu\/#\/schema\/person\/8d81dc1a8334c312912ce794d6636de6\",\"name\":\"Vanitapelsoart\",\"image\":{\"@type\":\"ImageObject\",\"inLanguage\":\"en-GB\",\"@id\":\"https:\/\/drlorinczrita.hu\/#\/schema\/person\/image\/\",\"url\":\"https:\/\/drlorinczrita.hu\/wp-content\/uploads\/2022\/03\/LorinczRitalogo-1.png\",\"contentUrl\":\"https:\/\/drlorinczrita.hu\/wp-content\/uploads\/2022\/03\/LorinczRitalogo-1.png\",\"width\":1000,\"height\":1000,\"caption\":\"Vanitapelsoart\"},\"logo\":{\"@id\":\"https:\/\/drlorinczrita.hu\/#\/schema\/person\/image\/\"},\"sameAs\":[\"https:\/\/drlorinczrita.hu\"]}]}<\/script>\n<!-- \/ Yoast SEO plugin. -->","yoast_head_json":{"title":"Impresszum | Dr. L\u0151rincz Rita fogszakorvos","robots":{"index":"index","follow":"follow","max-snippet":"max-snippet:-1","max-image-preview":"max-image-preview:large","max-video-preview":"max-video-preview:-1"},"canonical":"https:\/\/drlorinczrita.hu\/en\/imprint\/","og_locale":"en_GB","og_type":"article","og_title":"Impresszum | Dr. L\u0151rincz Rita fogszakorvos","og_description":"Tulajdonos: Dens et Sanitas Eg\u00e9szs\u00e9g\u00fcgyi Korl\u00e1tolt Felel\u0151ss\u00e9g\u0171 T\u00e1rsas\u00e1g C\u00edm:\u00a08360 Keszthely, Erzs\u00e9bet kir\u00e1lyn\u00e9 \u00fatja 14. Telefon:\u00a006 30 957 6370E-mail:\u00a0lorinczritadr@gmail.comInternet:\u00a0drlorinczrita.hu Ad\u00f3sz\u00e1m: 27441118-1-20 T\u00e1rhelyszolg\u00e1ltat\u00f3:&nbsp;Sybell Informatika Kft. (1158 Budapest, K\u00e9sm\u00e1rk u. 7\/B 2. em. 206. \u2013 info@sybell.hu) Webdesign: Vertarics Anita weboldaltneked.hu","og_url":"https:\/\/drlorinczrita.hu\/en\/imprint\/","og_site_name":"Dr. L\u0151rincz Rita fogszakorvos","article_modified_time":"2022-04-13T12:21:43+00:00","og_image":[{"width":1000,"height":1000,"url":"https:\/\/drlorinczrita.hu\/wp-content\/uploads\/2022\/03\/LorinczRitalogo-1.png","type":"image\/png"}],"twitter_card":"summary_large_image","twitter_misc":{"Estimated reading time":"1 minute"},"schema":{"@context":"https:\/\/schema.org","@graph":[{"@type":"WebPage","@id":"https:\/\/drlorinczrita.hu\/impresszum\/","url":"https:\/\/drlorinczrita.hu\/impresszum\/","name":"Impresszum | Dr. L\u0151rincz Rita fogszakorvos","isPartOf":{"@id":"https:\/\/drlorinczrita.hu\/#website"},"datePublished":"2022-04-13T12:19:43+00:00","dateModified":"2022-04-13T12:21:43+00:00","breadcrumb":{"@id":"https:\/\/drlorinczrita.hu\/impresszum\/#breadcrumb"},"inLanguage":"en-GB","potentialAction":[{"@type":"ReadAction","target":["https:\/\/drlorinczrita.hu\/impresszum\/"]}]},{"@type":"BreadcrumbList","@id":"https:\/\/drlorinczrita.hu\/impresszum\/#breadcrumb","itemListElement":[{"@type":"ListItem","position":1,"name":"Kezd\u0151lap","item":"https:\/\/drlorinczrita.hu\/"},{"@type":"ListItem","position":2,"name":"Impresszum"}]},{"@type":"WebSite","@id":"https:\/\/drlorinczrita.hu\/#website","url":"https:\/\/drlorinczrita.hu\/","name":"Dr. L\u0151rincz Rita fogszakorvos","description":"Fog\u00e1szati mag\u00e1nrendel\u00e9s","publisher":{"@id":"https:\/\/drlorinczrita.hu\/#\/schema\/person\/8d81dc1a8334c312912ce794d6636de6"},"potentialAction":[{"@type":"SearchAction","target":{"@type":"EntryPoint","urlTemplate":"https:\/\/drlorinczrita.hu\/?s={search_term_string}"},"query-input":{"@type":"PropertyValueSpecification","valueRequired":true,"valueName":"search_term_string"}}],"inLanguage":"en-GB"},{"@type":["Person","Organization"],"@id":"https:\/\/drlorinczrita.hu\/#\/schema\/person\/8d81dc1a8334c312912ce794d6636de6","name":"Vanitapelsoart","image":{"@type":"ImageObject","inLanguage":"en-GB","@id":"https:\/\/drlorinczrita.hu\/#\/schema\/person\/image\/","url":"https:\/\/drlorinczrita.hu\/wp-content\/uploads\/2022\/03\/LorinczRitalogo-1.png","contentUrl":"https:\/\/drlorinczrita.hu\/wp-content\/uploads\/2022\/03\/LorinczRitalogo-1.png","width":1000,"height":1000,"caption":"Vanitapelsoart"},"logo":{"@id":"https:\/\/drlorinczrita.hu\/#\/schema\/person\/image\/"},"sameAs":["https:\/\/drlorinczrita.hu"]}]}},"_links":{"self":[{"href":"https:\/\/drlorinczrita.hu\/en\/wp-json\/wp\/v2\/pages\/98","targetHints":{"allow":["GET"]}}],"collection":[{"href":"https:\/\/drlorinczrita.hu\/en\/wp-json\/wp\/v2\/pages"}],"about":[{"href":"https:\/\/drlorinczrita.hu\/en\/wp-json\/wp\/v2\/types\/page"}],"author":[{"embeddable":true,"href":"https:\/\/drlorinczrita.hu\/en\/wp-json\/wp\/v2\/users\/1"}],"replies":[{"embeddable":true,"href":"https:\/\/drlorinczrita.hu\/en\/wp-json\/wp\/v2\/comments?post=98"}],"version-history":[{"count":2,"href":"https:\/\/drlorinczrita.hu\/en\/wp-json\/wp\/v2\/pages\/98\/revisions"}],"predecessor-version":[{"id":101,"href":"https:\/\/drlorinczrita.hu\/en\/wp-json\/wp\/v2\/pages\/98\/revisions\/101"}],"wp:attachment":[{"href":"https:\/\/drlorinczrita.hu\/en\/wp-json\/wp\/v2\/media?parent=98"}],"curies":[{"name":"wp","href":"https:\/\/api.w.org\/{rel}","templated":true}]}}